{"id":4567,"date":"2021-01-19T21:38:31","date_gmt":"2021-01-19T21:38:31","guid":{"rendered":"https:\/\/www.dougu.de\/cms\/?page_id=4567"},"modified":"2022-02-06T16:25:32","modified_gmt":"2022-02-06T15:25:32","slug":"e-mail-datenschutzerklaerung","status":"publish","type":"page","link":"https:\/\/www.dougu.de\/cms\/e-mail-datenschutzerklaerung\/","title":{"rendered":"E-Mail &#8211; Daten Verarbeitung"},"content":{"rendered":"\n<strong>Pflichtinformationen gem\u00e4\u00df Artikel 13 DSGVO<\/strong><br> Im Falle des Erstkontakts sind wir gem\u00e4\u00df Art. 12, 13 DSGVO verpflichtet, Ihnen folgende datenschutzrechtliche Pflichtinformationen zur Verf\u00fcgung zu stellen: Wenn Sie uns per E-Mail kontaktieren, verarbeiten wir Ihre personenbezogenen Daten nur, soweit an der Verarbeitung ein berechtigtes Interesse besteht (Art. 6 Abs. 1 lit. f DSGVO), Sie in die Datenverarbeitung eingewilligt haben (Art. 6 Abs. 1 lit. a DSGVO), die Verarbeitung f\u00fcr die Anbahnung, Begr\u00fcndung, inhaltliche Ausgestaltung oder \u00c4nderung eines Rechtsverh\u00e4ltnisses zwischen Ihnen und uns erforderlich sind (Art. 6 Abs. 1 lit. b DSGVO) oder eine sonstige Rechtsnorm die Verarbeitung gestattet. Ihre personenbezogenen Daten verbleiben bei uns, bis Sie uns zur L\u00f6schung auffordern, Ihre Einwilligung zur Speicherung widerrufen oder der Zweck f\u00fcr die Datenspeicherung entf\u00e4llt (z.&nbsp;B. nach abgeschlossener Bearbeitung Ihres Anliegens). Zwingende gesetzliche Bestimmungen \u2013 insbesondere steuer- und handelsrechtliche Aufbewahrungsfristen \u2013 bleiben unber\u00fchrt. Sie haben jederzeit das Recht, unentgeltlich Auskunft \u00fcber Herkunft, Empf\u00e4nger und Zweck Ihrer gespeicherten personenbezogenen Daten zu erhalten. Ihnen steht au\u00dferdem ein Recht auf Widerspruch, auf Daten\u00fcbertragbarkeit und ein Beschwerderecht bei der zust\u00e4ndigen Aufsichtsbeh\u00f6rde zu. Ferner k\u00f6nnen Sie die Berichtigung, die L\u00f6schung und unter bestimmten Umst\u00e4nden die Einschr\u00e4nkung der Verarbeitung Ihrer personenbezogenen Daten verlangen. Details entnehmen Sie unserer <a href=\"https:\/\/www.dougu.de\/cms\/kontakt\/disclaimer\/\">Datenschutzerkl\u00e4rung<\/a>.\n\n\n\n<p><\/p>\n","protected":false},"excerpt":{"rendered":"<p>Pflichtinformationen gem\u00e4\u00df Artikel 13 DSGVO Im Falle des Erstkontakts sind wir gem\u00e4\u00df Art. 12, 13 DSGVO verpflichtet, Ihnen folgende datenschutzrechtliche Pflichtinformationen zur Verf\u00fcgung zu stellen: Wenn Sie uns per E-Mail kontaktieren, verarbeiten wir Ihre personenbezogenen Daten nur, soweit an der Verarbeitung ein berechtigtes Interesse besteht (Art. 6 Abs. 1 lit. f DSGVO), Sie in die [&hellip;]<\/p>\n","protected":false},"author":15,"featured_media":2468,"parent":0,"menu_order":0,"comment_status":"closed","ping_status":"closed","template":"","meta":{"_eb_attr":"","_monsterinsights_skip_tracking":false,"_monsterinsights_sitenote_active":false,"_monsterinsights_sitenote_note":"","_monsterinsights_sitenote_category":0,"footnotes":""},"class_list":["post-4567","page","type-page","status-publish","has-post-thumbnail","hentry"],"yoast_head":"<!-- This site is optimized with the Yoast SEO plugin v27.4 - https:\/\/yoast.com\/product\/yoast-seo-wordpress\/ -->\n<title>E-Mail - Daten Verarbeitung - DESIGN SCHMIEDE<\/title>\n<meta name=\"description\" content=\"Clevere Systeme f\u00fcr Webseiten Betreiber oder Einsteiger Hilfe und L\u00f6sungen bei Problemen sowie Verbesserungen oder Konzepte\" \/>\n<meta name=\"robots\" content=\"index, follow, max-snippet:-1, max-image-preview:large, max-video-preview:-1\" \/>\n<link rel=\"canonical\" href=\"https:\/\/www.dougu.de\/cms\/e-mail-datenschutzerklaerung\/\" \/>\n<script type=\"application\/ld+json\" class=\"yoast-schema-graph\">{\"@context\":\"https:\\\/\\\/schema.org\",\"@graph\":[{\"@type\":\"WebPage\",\"@id\":\"https:\\\/\\\/www.dougu.de\\\/cms\\\/e-mail-datenschutzerklaerung\\\/\",\"url\":\"https:\\\/\\\/www.dougu.de\\\/cms\\\/e-mail-datenschutzerklaerung\\\/\",\"name\":\"E-Mail - Daten Verarbeitung - DESIGN SCHMIEDE\",\"isPartOf\":{\"@id\":\"https:\\\/\\\/www.dougu.de\\\/cms\\\/#website\"},\"primaryImageOfPage\":{\"@id\":\"https:\\\/\\\/www.dougu.de\\\/cms\\\/e-mail-datenschutzerklaerung\\\/#primaryimage\"},\"image\":{\"@id\":\"https:\\\/\\\/www.dougu.de\\\/cms\\\/e-mail-datenschutzerklaerung\\\/#primaryimage\"},\"thumbnailUrl\":\"https:\\\/\\\/www.dougu.de\\\/cms\\\/wp-content\\\/uploads\\\/2015\\\/01\\\/mail.jpg\",\"datePublished\":\"2021-01-19T21:38:31+00:00\",\"dateModified\":\"2022-02-06T15:25:32+00:00\",\"description\":\"Clevere Systeme f\u00fcr Webseiten Betreiber oder Einsteiger Hilfe und L\u00f6sungen bei Problemen sowie Verbesserungen oder Konzepte\",\"breadcrumb\":{\"@id\":\"https:\\\/\\\/www.dougu.de\\\/cms\\\/e-mail-datenschutzerklaerung\\\/#breadcrumb\"},\"inLanguage\":\"de\",\"potentialAction\":[{\"@type\":\"ReadAction\",\"target\":[\"https:\\\/\\\/www.dougu.de\\\/cms\\\/e-mail-datenschutzerklaerung\\\/\"]}]},{\"@type\":\"ImageObject\",\"inLanguage\":\"de\",\"@id\":\"https:\\\/\\\/www.dougu.de\\\/cms\\\/e-mail-datenschutzerklaerung\\\/#primaryimage\",\"url\":\"https:\\\/\\\/www.dougu.de\\\/cms\\\/wp-content\\\/uploads\\\/2015\\\/01\\\/mail.jpg\",\"contentUrl\":\"https:\\\/\\\/www.dougu.de\\\/cms\\\/wp-content\\\/uploads\\\/2015\\\/01\\\/mail.jpg\",\"width\":354,\"height\":376},{\"@type\":\"BreadcrumbList\",\"@id\":\"https:\\\/\\\/www.dougu.de\\\/cms\\\/e-mail-datenschutzerklaerung\\\/#breadcrumb\",\"itemListElement\":[{\"@type\":\"ListItem\",\"position\":1,\"name\":\"Startseite\",\"item\":\"https:\\\/\\\/www.dougu.de\\\/cms\\\/\"},{\"@type\":\"ListItem\",\"position\":2,\"name\":\"E-Mail &#8211; Daten Verarbeitung\"}]},{\"@type\":\"WebSite\",\"@id\":\"https:\\\/\\\/www.dougu.de\\\/cms\\\/#website\",\"url\":\"https:\\\/\\\/www.dougu.de\\\/cms\\\/\",\"name\":\"DESIGN SCHMIEDE\",\"description\":\"art from the metawebdesign smith\",\"publisher\":{\"@id\":\"https:\\\/\\\/www.dougu.de\\\/cms\\\/#organization\"},\"alternateName\":\"Dougu Design Schmiede\",\"potentialAction\":[{\"@type\":\"SearchAction\",\"target\":{\"@type\":\"EntryPoint\",\"urlTemplate\":\"https:\\\/\\\/www.dougu.de\\\/cms\\\/?s={search_term_string}\"},\"query-input\":{\"@type\":\"PropertyValueSpecification\",\"valueRequired\":true,\"valueName\":\"search_term_string\"}}],\"inLanguage\":\"de\"},{\"@type\":\"Organization\",\"@id\":\"https:\\\/\\\/www.dougu.de\\\/cms\\\/#organization\",\"name\":\"DOUGU DESIGN SCHMIEDE\",\"url\":\"https:\\\/\\\/www.dougu.de\\\/cms\\\/\",\"logo\":{\"@type\":\"ImageObject\",\"inLanguage\":\"de\",\"@id\":\"https:\\\/\\\/www.dougu.de\\\/cms\\\/#\\\/schema\\\/logo\\\/image\\\/\",\"url\":\"https:\\\/\\\/www.dougu.de\\\/cms\\\/wp-content\\\/uploads\\\/2022\\\/02\\\/dds-1.png\",\"contentUrl\":\"https:\\\/\\\/www.dougu.de\\\/cms\\\/wp-content\\\/uploads\\\/2022\\\/02\\\/dds-1.png\",\"width\":512,\"height\":512,\"caption\":\"DOUGU DESIGN SCHMIEDE\"},\"image\":{\"@id\":\"https:\\\/\\\/www.dougu.de\\\/cms\\\/#\\\/schema\\\/logo\\\/image\\\/\"},\"sameAs\":[\"https:\\\/\\\/www.facebook.com\\\/DOUGUDESIGN\\\/\",\"https:\\\/\\\/x.com\\\/dougudesign\"]}]}<\/script>\n<!-- \/ Yoast SEO plugin. -->","yoast_head_json":{"title":"E-Mail - Daten Verarbeitung - DESIGN SCHMIEDE","description":"Clevere Systeme f\u00fcr Webseiten Betreiber oder Einsteiger Hilfe und L\u00f6sungen bei Problemen sowie Verbesserungen oder Konzepte","robots":{"index":"index","follow":"follow","max-snippet":"max-snippet:-1","max-image-preview":"max-image-preview:large","max-video-preview":"max-video-preview:-1"},"canonical":"https:\/\/www.dougu.de\/cms\/e-mail-datenschutzerklaerung\/","schema":{"@context":"https:\/\/schema.org","@graph":[{"@type":"WebPage","@id":"https:\/\/www.dougu.de\/cms\/e-mail-datenschutzerklaerung\/","url":"https:\/\/www.dougu.de\/cms\/e-mail-datenschutzerklaerung\/","name":"E-Mail - Daten Verarbeitung - DESIGN SCHMIEDE","isPartOf":{"@id":"https:\/\/www.dougu.de\/cms\/#website"},"primaryImageOfPage":{"@id":"https:\/\/www.dougu.de\/cms\/e-mail-datenschutzerklaerung\/#primaryimage"},"image":{"@id":"https:\/\/www.dougu.de\/cms\/e-mail-datenschutzerklaerung\/#primaryimage"},"thumbnailUrl":"https:\/\/www.dougu.de\/cms\/wp-content\/uploads\/2015\/01\/mail.jpg","datePublished":"2021-01-19T21:38:31+00:00","dateModified":"2022-02-06T15:25:32+00:00","description":"Clevere Systeme f\u00fcr Webseiten Betreiber oder Einsteiger Hilfe und L\u00f6sungen bei Problemen sowie Verbesserungen oder Konzepte","breadcrumb":{"@id":"https:\/\/www.dougu.de\/cms\/e-mail-datenschutzerklaerung\/#breadcrumb"},"inLanguage":"de","potentialAction":[{"@type":"ReadAction","target":["https:\/\/www.dougu.de\/cms\/e-mail-datenschutzerklaerung\/"]}]},{"@type":"ImageObject","inLanguage":"de","@id":"https:\/\/www.dougu.de\/cms\/e-mail-datenschutzerklaerung\/#primaryimage","url":"https:\/\/www.dougu.de\/cms\/wp-content\/uploads\/2015\/01\/mail.jpg","contentUrl":"https:\/\/www.dougu.de\/cms\/wp-content\/uploads\/2015\/01\/mail.jpg","width":354,"height":376},{"@type":"BreadcrumbList","@id":"https:\/\/www.dougu.de\/cms\/e-mail-datenschutzerklaerung\/#breadcrumb","itemListElement":[{"@type":"ListItem","position":1,"name":"Startseite","item":"https:\/\/www.dougu.de\/cms\/"},{"@type":"ListItem","position":2,"name":"E-Mail &#8211; Daten Verarbeitung"}]},{"@type":"WebSite","@id":"https:\/\/www.dougu.de\/cms\/#website","url":"https:\/\/www.dougu.de\/cms\/","name":"DESIGN SCHMIEDE","description":"art from the metawebdesign smith","publisher":{"@id":"https:\/\/www.dougu.de\/cms\/#organization"},"alternateName":"Dougu Design Schmiede","potentialAction":[{"@type":"SearchAction","target":{"@type":"EntryPoint","urlTemplate":"https:\/\/www.dougu.de\/cms\/?s={search_term_string}"},"query-input":{"@type":"PropertyValueSpecification","valueRequired":true,"valueName":"search_term_string"}}],"inLanguage":"de"},{"@type":"Organization","@id":"https:\/\/www.dougu.de\/cms\/#organization","name":"DOUGU DESIGN SCHMIEDE","url":"https:\/\/www.dougu.de\/cms\/","logo":{"@type":"ImageObject","inLanguage":"de","@id":"https:\/\/www.dougu.de\/cms\/#\/schema\/logo\/image\/","url":"https:\/\/www.dougu.de\/cms\/wp-content\/uploads\/2022\/02\/dds-1.png","contentUrl":"https:\/\/www.dougu.de\/cms\/wp-content\/uploads\/2022\/02\/dds-1.png","width":512,"height":512,"caption":"DOUGU DESIGN SCHMIEDE"},"image":{"@id":"https:\/\/www.dougu.de\/cms\/#\/schema\/logo\/image\/"},"sameAs":["https:\/\/www.facebook.com\/DOUGUDESIGN\/","https:\/\/x.com\/dougudesign"]}]}},"_links":{"self":[{"href":"https:\/\/www.dougu.de\/cms\/wp-json\/wp\/v2\/pages\/4567","targetHints":{"allow":["GET"]}}],"collection":[{"href":"https:\/\/www.dougu.de\/cms\/wp-json\/wp\/v2\/pages"}],"about":[{"href":"https:\/\/www.dougu.de\/cms\/wp-json\/wp\/v2\/types\/page"}],"author":[{"embeddable":true,"href":"https:\/\/www.dougu.de\/cms\/wp-json\/wp\/v2\/users\/15"}],"replies":[{"embeddable":true,"href":"https:\/\/www.dougu.de\/cms\/wp-json\/wp\/v2\/comments?post=4567"}],"version-history":[{"count":0,"href":"https:\/\/www.dougu.de\/cms\/wp-json\/wp\/v2\/pages\/4567\/revisions"}],"wp:featuredmedia":[{"embeddable":true,"href":"https:\/\/www.dougu.de\/cms\/wp-json\/wp\/v2\/media\/2468"}],"wp:attachment":[{"href":"https:\/\/www.dougu.de\/cms\/wp-json\/wp\/v2\/media?parent=4567"}],"curies":[{"name":"wp","href":"https:\/\/api.w.org\/{rel}","templated":true}]}}