{"id":5510,"date":"2022-02-14T12:46:48","date_gmt":"2022-02-14T11:46:48","guid":{"rendered":"https:\/\/www.dougu.de\/cms\/?page_id=5510"},"modified":"2024-04-26T19:42:34","modified_gmt":"2024-04-26T17:42:34","slug":"service-buchung-wordpress","status":"publish","type":"page","link":"https:\/\/www.dougu.de\/cms\/service-buchung-wordpress\/","title":{"rendered":"Buchen"},"content":{"rendered":"<div class=\"wpb-content-wrapper\"><p>[vc_row][vc_column][rev_slider slidertitle=&#8221;CMS&#8221; alias=&#8221;CMS&#8221;][vc_custom_heading text=&#8221;Buchen Sie einen Termin&#8221; google_fonts=&#8221;font_family:Exo%3A100%2C100italic%2C200%2C200italic%2C300%2C300italic%2Cregular%2Citalic%2C500%2C500italic%2C600%2C600italic%2C700%2C700italic%2C800%2C800italic%2C900%2C900italic|font_style:400%20regular%3A400%3Anormal&#8221; css=&#8221;.vc_custom_1644918699835{padding-top: 28px !important;}&#8221;][vc_custom_heading text=&#8221;PC Service | WordPress Service | Remote Hilfe | Webseiten | Grafiken | Speisekarten\/Flyer&#8221; font_container=&#8221;tag:h4|text_align:center&#8221; google_fonts=&#8221;font_family:Exo%3A100%2C100italic%2C200%2C200italic%2C300%2C300italic%2Cregular%2Citalic%2C500%2C500italic%2C600%2C600italic%2C700%2C700italic%2C800%2C800italic%2C900%2C900italic|font_style:400%20regular%3A400%3Anormal&#8221; css_animation=&#8221;fadeInRightBig&#8221; css=&#8221;.vc_custom_1645092640025{padding-top: 28px !important;background-position: center !important;background-repeat: no-repeat !important;background-size: contain !important;}&#8221;][vc_row_inner][vc_column_inner][vc_toggle title=&#8221;Termin Buchung in nur 8 Schritten.&#8221; color=&#8221;green&#8221;]Termin Buchung in nur 8 Schritten<\/p>\n<ol>\n<li>Dienstleistung w\u00e4hlen + weiter<\/li>\n<li>Verf\u00fcgbare Termine sehen +weiter<\/li>\n<li>Termin w\u00e4hlen + weiter<\/li>\n<li>Ihre Daten Eingeben \/ Datenschutz anklicken + weiter<\/li>\n<li>Verifizierungscode per Mail abrufen und eingeben &#8211; Fertig ist ihre erste Termin-Buchung!<\/li>\n<li>Termin Bet\u00e4tigung per Mail erhalten<\/li>\n<li>Pers\u00f6nliche Best\u00e4tigung\/Zahlungsaufforderung abwarten. *<\/li>\n<li>Bezahlen der ersten Rechnung und werden Sie Remote Kunde*<\/li>\n<\/ol>\n<p style=\"text-align: right;\">*Nur bei Neukunden<br \/>\nNur <span style=\"color: #339966;\"><strong><a style=\"color: #339966;\" href=\"https:\/\/www.dougu.de\/cms\/dougu-mitgliedschaften\/\">Mitgliedschaft kaufen<\/a><\/strong><\/span> und Remote-Kunde werden.<\/p>\n<p>[\/vc_toggle][vc_column_text]<\/p>\n<p><!--\nPlugin Name: Bookly - Responsive WordPress Appointment Booking and Scheduling Plugin\nPlugin URI: https:\/\/www.booking-wp-plugin.com\/?utm_source=bookly_admin&utm_medium=plugins_page&utm_campaign=plugins_page\nVersion: 27.4-->\n<style type=\"text\/css\">\n    :root {\n        --bookly-main-color: #a5ce58 !important;\n        --bookly-color: #a5ce58 !important;\n    }\n\n    <\/style><div class=\"bookly-css-root\">\n    <div id=\"bookly-form-container-69e001bd833e6\" class=\"bookly-form\" data-form_id=\"\" aria-live=\"polite\">\n        <div style=\"text-align: center\"><img decoding=\"async\" src=\"https:\/\/www.dougu.de\/cms\/wp-includes\/js\/tinymce\/skins\/lightgray\/img\/loader.gif\" alt=\"Wird geladen ...\"\/><\/div>\n    <\/div>\n<\/div>\n<script type=\"text\/javascript\">\n    (function (win, fn) {\n        var done = false, top = true,\n            doc = win.document,\n            root = doc.documentElement,\n            modern = doc.addEventListener,\n            add = modern ? 'addEventListener' : 'attachEvent',\n            rem = modern ? 'removeEventListener' : 'detachEvent',\n            pre = modern ? '' : 'on',\n            init = function (e) {\n                if (e.type == 'readystatechange') if (doc.readyState != 'complete') return;\n                (e.type == 'load' ? win : doc)[rem](pre + e.type, init, false);\n                if (!done) {\n                    done = true;\n                    fn.call(win, e.type || e);\n                }\n            },\n            poll = function () {\n                try {\n                    root.doScroll('left');\n                } catch (e) {\n                    setTimeout(poll, 50);\n                    return;\n                }\n                init('poll');\n            };\n        if (doc.readyState == 'complete') fn.call(win, 'lazy');\n        else {\n            if (!modern) if (root.doScroll) {\n                try {\n                    top = !win.frameElement;\n                } catch (e) {\n                }\n                if (top) poll();\n            }\n            doc[add](pre + 'DOMContentLoaded', init, false);\n            doc[add](pre + 'readystatechange', init, false);\n            win[add](pre + 'load', init, false);\n        }\n    })(window, function () {\n        window.bookly( {\"form_id\":\"69e001bd833e6\",\"form_data\":{\"skip_service_step\":0,\"hide_service_part1\":0,\"hide_service_part2\":0,\"defaults\":{\"service_id\":0,\"staff_id\":0,\"location_id\":0,\"category_id\":0,\"units\":0,\"date_from\":0,\"time_from\":0,\"time_to\":0}},\"status\":{\"booking\":\"new\"},\"form_token\":null,\"skip_steps\":{\"service_part1\":0,\"service_part2\":0,\"extras\":1,\"time\":0,\"repeat\":1,\"cart\":1},\"errors\":{\"session_error\":\"Session-Fehler.\",\"form_id_error\":\"Formular-ID Fehler.\",\"cart_item_not_available\":\"Die eingestellte Zeit ist nicht mehr vorhanden. Bitte w\\u00e4hlen Sie ein anderes Zeit Fenster\\n.\",\"pay_locally_not_available\":\"Vor Ort zahlen ist nicht verf\\u00fcgbar.\",\"invalid_gateway\":\"Ung\\u00fcltiger Zugang.\",\"payment_error\":\"Fehler.\",\"incorrect_username_password\":\"Der Benutzername oder das Passwort ist falsch.\"},\"form_attributes\":{\"hide_categories\":true,\"hide_services\":false,\"hide_staff_members\":true,\"show_number_of_persons\":false,\"hide_service_duration\":true,\"hide_locations\":true,\"hide_quantity\":true,\"hide_date\":false,\"hide_week_days\":false,\"hide_time_range\":false},\"use_client_time_zone\":1,\"defaults\":{\"service_id\":0,\"staff_id\":0,\"location_id\":0,\"category_id\":0},\"datepicker_mode\":\"text-accent\"} );\n    });\n<\/script>[\/vc_column_text][vc_toggle title=&#8221;Weitere Infos zu Buchung&#8221; color=&#8221;green&#8221;]<\/p>\n<p style=\"text-align: center;\"><strong>FAQ<\/strong><\/p>\n<p>Weitere Infos zu Buchung sowie Buchungsbedingungen.<\/p>\n<p><strong>Muss ich am Ende der Terminbuchung eine Zahlung leisten?<\/strong><\/p>\n<p>Nein, es ist keine Zahlung im automatischen Buchungsvorgang verkn\u00fcpft, es geht hierbei nur um die Terminierung.<\/p>\n<p><strong>Bekomme ich eine Best\u00e4tigung?<\/strong><\/p>\n<p>Obwohl eine Terminbuchung, sofern Sie stattfinden kann verbindlich ist, zahlen Sie erst nachdem wir die Buchung per best\u00e4tigen und Sie als neuen Kunden eingerichtet haben.<\/p>\n<p>(Sie erhalten von uns, nach R\u00fccksprache eine Terminbest\u00e4tigung + ggf. Rechnung als Neukunde)<\/p>\n<p><strong>Wie werde ich Kunde?<\/strong><\/p>\n<p>Sie werden automatisch Kunde, wenn Sie bei uns eine Bestellung get\u00e4tigt und bezahlt haben, Neukunden, m\u00fcssen ggf. vorab eine Anzahlung leisten, als Verifizierung.<\/p>\n<p><strong>Wie sind die Abrechnung Intervalle?<\/strong><\/p>\n<p>Takts\u00e4tze Remote: 15 Minuten (Fernservice), zus\u00e4tzlich beinhaltet das \u201eErsteinrichtung Paket\u201c <strong>15 Minuten Freien Remote Service f\u00fcr die Etablierung der Remoteverbindung.<\/strong><\/p>\n<p><strong>Welche Angaben muss vorab ich machen?<\/strong><\/p>\n<p><strong>Sinnvoll w\u00e4re das Betriebssystem um das es geht zu nennen, die Hardware, M\u00f6glichkeit der parallelen Kommunikation, Art der Internetverbindung, Bandbreite (Geschwindigkeit), <\/strong><\/p>\n<p><strong>Ich ben\u00f6tige Soforthilfe<\/strong><\/p>\n<p>Sofern Sie in dringenden F\u00e4llen am gleichen Tag, einen Termin buchen m\u00f6chten sollten Sie uns zuvor, am besten telefonisch <a href=\"https:\/\/www.dougu.de\/cms\/kontakt\/\">kontaktieren<\/a>, f\u00fcr Soforthilfe kann zus\u00e4tzlich eine Soforthilfe Pauschale berechnet werden.<\/p>\n<p><strong>Welche Voraussetzungen ben\u00f6tigt eine Remoteverbindung (Fernwartung)<\/strong><\/p>\n<p>Sie m\u00fcssen einen Internetzugang haben, ggf. \u00fcber Ihre mobilen Daten (Hotspot), wenn das Home Internet nicht funktioniert. Wir beraten Sie gern.<\/p>\n<p><strong>Wie l\u00e4uft die Verbindung ab?<\/strong><\/p>\n<p>Nach Terminvereinbarung legen wir die Verbindungsmethode, gem\u00e4\u00df der M\u00f6glichkeiten der Hardware und Betriebssystem Software fest. Sie m\u00fcssen den Client ggf. vorab installieren. Sie starten den Client bekommen von uns einen Code, den tragen Sie im Client ein, wenn die Verbindung funktioniert, best\u00e4tigen Sie die n\u00f6tigen Freigaben, wir beginnen mit der Aufgabe.<\/p>\n<p>Tipp: Ben\u00f6tigte <strong>Passw\u00f6rter bereithalten ansonsten dauert die Suche nach Passw\u00f6rtern oft lang, was zu unn\u00f6tigen Remotezeiten f\u00fchrt.<\/strong><\/p>\n<p><strong>Wie kommunizieren wir w\u00e4hrend der Verbindung?<\/strong><\/p>\n<p>Erfahrungsgem\u00e4\u00df ist eine parallele telefonische Verbindung sinnvoll, falls Ihre Bandbreite ggf. Arbeiten an Ihrer Internet Verbindung durchgef\u00fchrt werden m\u00fcssen. Neben der M\u00f6glichkeit innerhalb des Remote Werkzeugs steht die Palette der Instant Messenger \u00fcber die man mit einem Zweitger\u00e4t parallel kommunizieren kann zur Verf\u00fcgung, dies k\u00f6nnen Sie bereits vorab im Termingespr\u00e4ch vereinbaren.<\/p>\n<p><strong>Wie sicher sind die gebuchten Termine?<\/strong><\/p>\n<p>Obwohl eine Zeit w\u00e4hrend der Buchung als Verf\u00fcgbar erscheint, ist eine Realisierung u.U. in der Zeit nicht m\u00f6glich, weil beispielsweise der gebuchte Mitarbeiter noch am anderen Problem arbeitet, weshalb wir auch immer pers\u00f6nlich best\u00e4tigen.<\/p>\n<p>Buchungen sollten mindestens 1 Tag Vorlauf, haben nur in dringenden F\u00e4llen vorrangig bei Bestandskunden sind wir schneller verf\u00fcgbar.<\/p>\n<p><strong>Datensicherheit:<\/strong><\/p>\n<p>Sofern Sie Kunde werden wollen, Ihre Daten sowie Ihre Zustimmung zur Datenverarbeitung nach der deutschen Datenschutzverordnung, ergo DSVGO konform anerkennen, steht einer Remoteverbindung nichts im Wege. Ihre pers\u00f6nlichen Daten, Mail, Adresse, Name werden zu Auftragsverarbeitung genutzt. Weitere Daten die im Rahmen der Remoteverbindung ggf. weiterer Services ben\u00f6tigt werden, m\u00fcssen Sie ggf. dann im laufe der Services offenlegen, wie Passw\u00f6rter, Zug\u00e4nge etc.<\/p>\n<p>Zu weiteren Fragen kontaktieren Sie uns per Mail, WhatsApp, Telefonisch oder schriftlich.<\/p>\n<p>Preise f\u00fcr weitere Service Leistungen entnehmen Sie der Preisliste.<\/p>\n<p>[\/vc_toggle][\/vc_column_inner][\/vc_row_inner][\/vc_column][\/vc_row][vc_row][vc_column][\/vc_column][\/vc_row]<\/p>\n<\/div>","protected":false},"excerpt":{"rendered":"<p>[vc_row][vc_column][rev_slider slidertitle=&#8221;CMS&#8221; alias=&#8221;CMS&#8221;][vc_custom_heading text=&#8221;Buchen Sie einen Termin&#8221; google_fonts=&#8221;font_family:Exo%3A100%2C100italic%2C200%2C200italic%2C300%2C300italic%2Cregular%2Citalic%2C500%2C500italic%2C600%2C600italic%2C700%2C700italic%2C800%2C800italic%2C900%2C900italic|font_style:400%20regular%3A400%3Anormal&#8221; css=&#8221;.vc_custom_1644918699835{padding-top: 28px !important;}&#8221;][vc_custom_heading text=&#8221;PC Service | WordPress Service | Remote Hilfe | Webseiten | Grafiken | Speisekarten\/Flyer&#8221; font_container=&#8221;tag:h4|text_align:center&#8221; google_fonts=&#8221;font_family:Exo%3A100%2C100italic%2C200%2C200italic%2C300%2C300italic%2Cregular%2Citalic%2C500%2C500italic%2C600%2C600italic%2C700%2C700italic%2C800%2C800italic%2C900%2C900italic|font_style:400%20regular%3A400%3Anormal&#8221; css_animation=&#8221;fadeInRightBig&#8221; css=&#8221;.vc_custom_1645092640025{padding-top: 28px !important;background-position: center !important;background-repeat: no-repeat !important;background-size: contain !important;}&#8221;][vc_row_inner][vc_column_inner][vc_toggle title=&#8221;Termin Buchung in nur 8 Schritten.&#8221; color=&#8221;green&#8221;]Termin Buchung in nur 8 Schritten Dienstleistung w\u00e4hlen + weiter Verf\u00fcgbare Termine [&hellip;]<\/p>\n","protected":false},"author":15,"featured_media":0,"parent":0,"menu_order":0,"comment_status":"closed","ping_status":"closed","template":"","meta":{"_eb_attr":"","_monsterinsights_skip_tracking":false,"_monsterinsights_sitenote_active":false,"_monsterinsights_sitenote_note":"","_monsterinsights_sitenote_category":0,"footnotes":""},"class_list":["post-5510","page","type-page","status-publish","hentry"],"yoast_head":"<!-- This site is optimized with the Yoast SEO plugin v27.4 - https:\/\/yoast.com\/product\/yoast-seo-wordpress\/ -->\n<title>PC Service Heute noch buchen! ab 4,88<\/title>\n<meta name=\"description\" content=\"Termin buchen- Wordpress \/ Webseiten. \/ Web Baukasten \/ PC-EDV \/ Print Medien \/ Design, Service, Coaching - Berlin - Charlottenburg\" \/>\n<meta name=\"robots\" content=\"index, follow, max-snippet:-1, max-image-preview:large, max-video-preview:-1\" \/>\n<link rel=\"canonical\" href=\"https:\/\/www.dougu.de\/cms\/service-buchung-wordpress\/\" \/>\n<script type=\"application\/ld+json\" class=\"yoast-schema-graph\">{\"@context\":\"https:\\\/\\\/schema.org\",\"@graph\":[{\"@type\":\"WebPage\",\"@id\":\"https:\\\/\\\/www.dougu.de\\\/cms\\\/service-buchung-wordpress\\\/\",\"url\":\"https:\\\/\\\/www.dougu.de\\\/cms\\\/service-buchung-wordpress\\\/\",\"name\":\"PC Service Heute noch buchen! ab 4,88\",\"isPartOf\":{\"@id\":\"https:\\\/\\\/www.dougu.de\\\/cms\\\/#website\"},\"datePublished\":\"2022-02-14T11:46:48+00:00\",\"dateModified\":\"2024-04-26T17:42:34+00:00\",\"description\":\"Termin buchen- Wordpress \\\/ Webseiten. \\\/ Web Baukasten \\\/ PC-EDV \\\/ Print Medien \\\/ Design, Service, Coaching - Berlin - Charlottenburg\",\"breadcrumb\":{\"@id\":\"https:\\\/\\\/www.dougu.de\\\/cms\\\/service-buchung-wordpress\\\/#breadcrumb\"},\"inLanguage\":\"de\",\"potentialAction\":[{\"@type\":\"ReadAction\",\"target\":[\"https:\\\/\\\/www.dougu.de\\\/cms\\\/service-buchung-wordpress\\\/\"]}]},{\"@type\":\"BreadcrumbList\",\"@id\":\"https:\\\/\\\/www.dougu.de\\\/cms\\\/service-buchung-wordpress\\\/#breadcrumb\",\"itemListElement\":[{\"@type\":\"ListItem\",\"position\":1,\"name\":\"Startseite\",\"item\":\"https:\\\/\\\/www.dougu.de\\\/cms\\\/\"},{\"@type\":\"ListItem\",\"position\":2,\"name\":\"Buchen\"}]},{\"@type\":\"WebSite\",\"@id\":\"https:\\\/\\\/www.dougu.de\\\/cms\\\/#website\",\"url\":\"https:\\\/\\\/www.dougu.de\\\/cms\\\/\",\"name\":\"DESIGN SCHMIEDE\",\"description\":\"art from the metawebdesign smith\",\"publisher\":{\"@id\":\"https:\\\/\\\/www.dougu.de\\\/cms\\\/#organization\"},\"alternateName\":\"Dougu Design Schmiede\",\"potentialAction\":[{\"@type\":\"SearchAction\",\"target\":{\"@type\":\"EntryPoint\",\"urlTemplate\":\"https:\\\/\\\/www.dougu.de\\\/cms\\\/?s={search_term_string}\"},\"query-input\":{\"@type\":\"PropertyValueSpecification\",\"valueRequired\":true,\"valueName\":\"search_term_string\"}}],\"inLanguage\":\"de\"},{\"@type\":\"Organization\",\"@id\":\"https:\\\/\\\/www.dougu.de\\\/cms\\\/#organization\",\"name\":\"DOUGU DESIGN SCHMIEDE\",\"url\":\"https:\\\/\\\/www.dougu.de\\\/cms\\\/\",\"logo\":{\"@type\":\"ImageObject\",\"inLanguage\":\"de\",\"@id\":\"https:\\\/\\\/www.dougu.de\\\/cms\\\/#\\\/schema\\\/logo\\\/image\\\/\",\"url\":\"https:\\\/\\\/www.dougu.de\\\/cms\\\/wp-content\\\/uploads\\\/2022\\\/02\\\/dds-1.png\",\"contentUrl\":\"https:\\\/\\\/www.dougu.de\\\/cms\\\/wp-content\\\/uploads\\\/2022\\\/02\\\/dds-1.png\",\"width\":512,\"height\":512,\"caption\":\"DOUGU DESIGN SCHMIEDE\"},\"image\":{\"@id\":\"https:\\\/\\\/www.dougu.de\\\/cms\\\/#\\\/schema\\\/logo\\\/image\\\/\"},\"sameAs\":[\"https:\\\/\\\/www.facebook.com\\\/DOUGUDESIGN\\\/\",\"https:\\\/\\\/x.com\\\/dougudesign\"]}]}<\/script>\n<!-- \/ Yoast SEO plugin. -->","yoast_head_json":{"title":"PC Service Heute noch buchen! ab 4,88","description":"Termin buchen- Wordpress \/ Webseiten. \/ Web Baukasten \/ PC-EDV \/ Print Medien \/ Design, Service, Coaching - Berlin - Charlottenburg","robots":{"index":"index","follow":"follow","max-snippet":"max-snippet:-1","max-image-preview":"max-image-preview:large","max-video-preview":"max-video-preview:-1"},"canonical":"https:\/\/www.dougu.de\/cms\/service-buchung-wordpress\/","schema":{"@context":"https:\/\/schema.org","@graph":[{"@type":"WebPage","@id":"https:\/\/www.dougu.de\/cms\/service-buchung-wordpress\/","url":"https:\/\/www.dougu.de\/cms\/service-buchung-wordpress\/","name":"PC Service Heute noch buchen! ab 4,88","isPartOf":{"@id":"https:\/\/www.dougu.de\/cms\/#website"},"datePublished":"2022-02-14T11:46:48+00:00","dateModified":"2024-04-26T17:42:34+00:00","description":"Termin buchen- Wordpress \/ Webseiten. \/ Web Baukasten \/ PC-EDV \/ Print Medien \/ Design, Service, Coaching - Berlin - Charlottenburg","breadcrumb":{"@id":"https:\/\/www.dougu.de\/cms\/service-buchung-wordpress\/#breadcrumb"},"inLanguage":"de","potentialAction":[{"@type":"ReadAction","target":["https:\/\/www.dougu.de\/cms\/service-buchung-wordpress\/"]}]},{"@type":"BreadcrumbList","@id":"https:\/\/www.dougu.de\/cms\/service-buchung-wordpress\/#breadcrumb","itemListElement":[{"@type":"ListItem","position":1,"name":"Startseite","item":"https:\/\/www.dougu.de\/cms\/"},{"@type":"ListItem","position":2,"name":"Buchen"}]},{"@type":"WebSite","@id":"https:\/\/www.dougu.de\/cms\/#website","url":"https:\/\/www.dougu.de\/cms\/","name":"DESIGN SCHMIEDE","description":"art from the metawebdesign smith","publisher":{"@id":"https:\/\/www.dougu.de\/cms\/#organization"},"alternateName":"Dougu Design Schmiede","potentialAction":[{"@type":"SearchAction","target":{"@type":"EntryPoint","urlTemplate":"https:\/\/www.dougu.de\/cms\/?s={search_term_string}"},"query-input":{"@type":"PropertyValueSpecification","valueRequired":true,"valueName":"search_term_string"}}],"inLanguage":"de"},{"@type":"Organization","@id":"https:\/\/www.dougu.de\/cms\/#organization","name":"DOUGU DESIGN SCHMIEDE","url":"https:\/\/www.dougu.de\/cms\/","logo":{"@type":"ImageObject","inLanguage":"de","@id":"https:\/\/www.dougu.de\/cms\/#\/schema\/logo\/image\/","url":"https:\/\/www.dougu.de\/cms\/wp-content\/uploads\/2022\/02\/dds-1.png","contentUrl":"https:\/\/www.dougu.de\/cms\/wp-content\/uploads\/2022\/02\/dds-1.png","width":512,"height":512,"caption":"DOUGU DESIGN SCHMIEDE"},"image":{"@id":"https:\/\/www.dougu.de\/cms\/#\/schema\/logo\/image\/"},"sameAs":["https:\/\/www.facebook.com\/DOUGUDESIGN\/","https:\/\/x.com\/dougudesign"]}]}},"_links":{"self":[{"href":"https:\/\/www.dougu.de\/cms\/wp-json\/wp\/v2\/pages\/5510","targetHints":{"allow":["GET"]}}],"collection":[{"href":"https:\/\/www.dougu.de\/cms\/wp-json\/wp\/v2\/pages"}],"about":[{"href":"https:\/\/www.dougu.de\/cms\/wp-json\/wp\/v2\/types\/page"}],"author":[{"embeddable":true,"href":"https:\/\/www.dougu.de\/cms\/wp-json\/wp\/v2\/users\/15"}],"replies":[{"embeddable":true,"href":"https:\/\/www.dougu.de\/cms\/wp-json\/wp\/v2\/comments?post=5510"}],"version-history":[{"count":2,"href":"https:\/\/www.dougu.de\/cms\/wp-json\/wp\/v2\/pages\/5510\/revisions"}],"predecessor-version":[{"id":6600,"href":"https:\/\/www.dougu.de\/cms\/wp-json\/wp\/v2\/pages\/5510\/revisions\/6600"}],"wp:attachment":[{"href":"https:\/\/www.dougu.de\/cms\/wp-json\/wp\/v2\/media?parent=5510"}],"curies":[{"name":"wp","href":"https:\/\/api.w.org\/{rel}","templated":true}]}}