{"id":6074,"date":"2023-03-30T09:44:58","date_gmt":"2023-03-30T07:44:58","guid":{"rendered":"https:\/\/www.dougu.de\/cms\/?page_id=6074"},"modified":"2023-03-30T10:16:07","modified_gmt":"2023-03-30T08:16:07","slug":"serviceuebersicht","status":"publish","type":"page","link":"https:\/\/www.dougu.de\/cms\/website-print-seo-coaching-laptop-hilfe-computer-service-reinickendorf-projektunterstuetzung\/serviceuebersicht\/","title":{"rendered":"Service\u00fcbersicht"},"content":{"rendered":"<div class=\"wpb-content-wrapper\"><p>[vc_row][vc_column][rev_slider slidertitle=&#8221;DDS2022&#8243; alias=&#8221;dds2-1&#8243; offset=&#8221;&#8221;][vc_separator color=&#8221;green&#8221; style=&#8221;shadow&#8221;][vc_custom_heading source=&#8221;post_title&#8221; font_container=&#8221;tag:h2|text_align:center|color:%238224e3&#8243; use_theme_fonts=&#8221;yes&#8221;]\t\t<div  class=\"sigma_service_wrapper sigma-service-80156509 sigma-shortcode-wrapper sigma-service-style-1\">\r\n\t\t\t<div class=\"row\">\r\n\t\t\t<div class=\"col-xl-4 col-lg-4 col-md-6 col-sm-12\">\r\n\t\t\t<article id=\"post-5935\" class=\"sigma-service sigma-service-style-1 sigma-service-wrapper post-5935 service type-service status-publish hentry service-category-service\">\r\n\t<div class=\"sigma_service style-3\">\r\n\t\t\t\t\t\t\t\t            <div class=\"sigma_service-thumb\">\r\n\t              <i class=\"flaticon-trophy\"><\/i>\r\n\t            <\/div>\r\n\t\t\t\t\t\t\t            <div class=\"sigma_service-body\">\r\n\t              <h5>Kalkulatoren<\/h5>\r\n\t\t\t\t\t\t\t\t\t              <a href=\"https:\/\/www.dougu.de\/cms\/service\/kalkulatoren\/\" class=\"btn-link\"> Read More <i class=\"far fa-arrow-right\"><\/i> <\/a>\r\n\t\t\t\t\t\t\t\t            <\/div>\r\n\t          <\/div>\r\n<\/article>\r\n\t\t<\/div>\r\n\t\t\t\t<div class=\"col-xl-4 col-lg-4 col-md-6 col-sm-12\">\r\n\t\t\t<article id=\"post-5939\" class=\"sigma-service sigma-service-style-1 sigma-service-wrapper post-5939 service type-service status-publish hentry service-category-service service-tag-service-preise\">\r\n\t<div class=\"sigma_service style-3\">\r\n\t\t\t\t\t\t\t\t            <div class=\"sigma_service-thumb\">\r\n\t              <i class=\"flaticon-engineer-3\"><\/i>\r\n\t            <\/div>\r\n\t\t\t\t\t\t\t            <div class=\"sigma_service-body\">\r\n\t              <h5>Weitere Preise<\/h5>\r\n\t\t\t\t\t\t\t\t\t              <a href=\"https:\/\/www.dougu.de\/cms\/service\/weitere-preise\/\" class=\"btn-link\"> Read More <i class=\"far fa-arrow-right\"><\/i> <\/a>\r\n\t\t\t\t\t\t\t\t            <\/div>\r\n\t          <\/div>\r\n<\/article>\r\n\t\t<\/div>\r\n\t\t\t\t<div class=\"col-xl-4 col-lg-4 col-md-6 col-sm-12\">\r\n\t\t\t<article id=\"post-6173\" class=\"sigma-service sigma-service-style-1 sigma-service-wrapper post-6173 service type-service status-publish hentry service-category-infos service-tag-service-print\">\r\n\t<div class=\"sigma_service style-3\">\r\n\t\t\t\t\t\t\t\t            <div class=\"sigma_service-thumb\">\r\n\t              <i class=\"flaticon-architecture\"><\/i>\r\n\t            <\/div>\r\n\t\t\t\t\t\t\t            <div class=\"sigma_service-body\">\r\n\t              <h5>#Designschmiede #Flyer<\/h5>\r\n\t\t\t\t\t\t\t\t\t              <a href=\"https:\/\/www.dougu.de\/cms\/service\/designschmiede-flyer\/\" class=\"btn-link\"> Read More <i class=\"far fa-arrow-right\"><\/i> <\/a>\r\n\t\t\t\t\t\t\t\t            <\/div>\r\n\t          <\/div>\r\n<\/article>\r\n\t\t<\/div>\r\n\t\t\t\t<div class=\"col-xl-4 col-lg-4 col-md-6 col-sm-12\">\r\n\t\t\t<article id=\"post-6177\" class=\"sigma-service sigma-service-style-1 sigma-service-wrapper post-6177 service type-service status-publish hentry service-category-infos service-category-service service-tag-service-print\">\r\n\t<div class=\"sigma_service style-3\">\r\n\t\t\t\t\t\t\t\t            <div class=\"sigma_service-thumb\">\r\n\t              <i class=\"flaticon-blueprint\"><\/i>\r\n\t            <\/div>\r\n\t\t\t\t\t\t\t            <div class=\"sigma_service-body\">\r\n\t              <h5>Mediaflyer<\/h5>\r\n\t\t\t\t\t\t\t\t\t              <a href=\"https:\/\/www.dougu.de\/cms\/service\/mediaflyer\/\" class=\"btn-link\"> Read More <i class=\"far fa-arrow-right\"><\/i> <\/a>\r\n\t\t\t\t\t\t\t\t            <\/div>\r\n\t          <\/div>\r\n<\/article>\r\n\t\t<\/div>\r\n\t\t\t\t<div class=\"col-xl-4 col-lg-4 col-md-6 col-sm-12\">\r\n\t\t\t<article id=\"post-5926\" class=\"sigma-service sigma-service-style-1 sigma-service-wrapper post-5926 service type-service status-publish hentry service-category-service service-tag-geraete-service\">\r\n\t<div class=\"sigma_service style-3\">\r\n\t\t\t\t\t\t\t\t            <div class=\"sigma_service-thumb\">\r\n\t              <i class=\"flaticon-magnifying-glass\"><\/i>\r\n\t            <\/div>\r\n\t\t\t\t\t\t\t            <div class=\"sigma_service-body\">\r\n\t              <h5>Ger\u00e4te Service<\/h5>\r\n\t\t\t\t\t\t\t\t\t              <a href=\"https:\/\/www.dougu.de\/cms\/service\/geraete-service\/\" class=\"btn-link\"> Read More <i class=\"far fa-arrow-right\"><\/i> <\/a>\r\n\t\t\t\t\t\t\t\t            <\/div>\r\n\t          <\/div>\r\n<\/article>\r\n\t\t<\/div>\r\n\t\t\t\t<div class=\"col-xl-4 col-lg-4 col-md-6 col-sm-12\">\r\n\t\t\t<article id=\"post-5933\" class=\"sigma-service sigma-service-style-1 sigma-service-wrapper post-5933 service type-service status-publish hentry service-category-abos\">\r\n\t<div class=\"sigma_service style-3\">\r\n\t\t\t\t\t\t\t\t            <div class=\"sigma_service-thumb\">\r\n\t              <i class=\"flaticon-box\"><\/i>\r\n\t            <\/div>\r\n\t\t\t\t\t\t\t            <div class=\"sigma_service-body\">\r\n\t              <h5>Service 48<\/h5>\r\n\t\t\t\t\t\t\t\t\t              <a href=\"https:\/\/www.dougu.de\/cms\/service\/abos\/\" class=\"btn-link\"> Read More <i class=\"far fa-arrow-right\"><\/i> <\/a>\r\n\t\t\t\t\t\t\t\t            <\/div>\r\n\t          <\/div>\r\n<\/article>\r\n\t\t<\/div>\r\n\t\t<\/div>\r\n\t\t<\/div>\r\n\t\t[\/vc_column][\/vc_row][vc_row][vc_column][\/vc_column][\/vc_row]<\/p>\n<\/div>","protected":false},"excerpt":{"rendered":"<p>[vc_row][vc_column][rev_slider slidertitle=&#8221;DDS2022&#8243; alias=&#8221;dds2-1&#8243; offset=&#8221;&#8221;][vc_separator color=&#8221;green&#8221; style=&#8221;shadow&#8221;][vc_custom_heading source=&#8221;post_title&#8221; font_container=&#8221;tag:h2|text_align:center|color:%238224e3&#8243; use_theme_fonts=&#8221;yes&#8221;][\/vc_column][\/vc_row][vc_row][vc_column][\/vc_column][\/vc_row]<\/p>\n","protected":false},"author":15,"featured_media":0,"parent":2,"menu_order":0,"comment_status":"closed","ping_status":"closed","template":"","meta":{"_eb_attr":"","_monsterinsights_skip_tracking":false,"_monsterinsights_sitenote_active":false,"_monsterinsights_sitenote_note":"","_monsterinsights_sitenote_category":0,"footnotes":""},"class_list":["post-6074","page","type-page","status-publish","hentry"],"yoast_head":"<!-- This site is optimized with the Yoast SEO plugin v27.4 - https:\/\/yoast.com\/product\/yoast-seo-wordpress\/ -->\n<title>Service\u00fcbersicht - DESIGN SCHMIEDE<\/title>\n<meta name=\"description\" content=\"Clevere Systeme f\u00fcr Webseiten Betreiber oder Einsteiger Hilfe und L\u00f6sungen bei Problemen sowie Verbesserungen oder Konzepte\" \/>\n<meta name=\"robots\" content=\"index, follow, max-snippet:-1, max-image-preview:large, max-video-preview:-1\" \/>\n<link rel=\"canonical\" href=\"https:\/\/www.dougu.de\/cms\/about\/serviceuebersicht\/\" \/>\n<script type=\"application\/ld+json\" class=\"yoast-schema-graph\">{\"@context\":\"https:\\\/\\\/schema.org\",\"@graph\":[{\"@type\":\"WebPage\",\"@id\":\"https:\\\/\\\/www.dougu.de\\\/cms\\\/about\\\/serviceuebersicht\\\/\",\"url\":\"https:\\\/\\\/www.dougu.de\\\/cms\\\/about\\\/serviceuebersicht\\\/\",\"name\":\"Service\u00fcbersicht - DESIGN SCHMIEDE\",\"isPartOf\":{\"@id\":\"https:\\\/\\\/www.dougu.de\\\/cms\\\/#website\"},\"datePublished\":\"2023-03-30T07:44:58+00:00\",\"dateModified\":\"2023-03-30T08:16:07+00:00\",\"description\":\"Clevere Systeme f\u00fcr Webseiten Betreiber oder Einsteiger Hilfe und L\u00f6sungen bei Problemen sowie Verbesserungen oder Konzepte\",\"breadcrumb\":{\"@id\":\"https:\\\/\\\/www.dougu.de\\\/cms\\\/about\\\/serviceuebersicht\\\/#breadcrumb\"},\"inLanguage\":\"de\",\"potentialAction\":[{\"@type\":\"ReadAction\",\"target\":[\"https:\\\/\\\/www.dougu.de\\\/cms\\\/about\\\/serviceuebersicht\\\/\"]}]},{\"@type\":\"BreadcrumbList\",\"@id\":\"https:\\\/\\\/www.dougu.de\\\/cms\\\/about\\\/serviceuebersicht\\\/#breadcrumb\",\"itemListElement\":[{\"@type\":\"ListItem\",\"position\":1,\"name\":\"Startseite\",\"item\":\"https:\\\/\\\/www.dougu.de\\\/cms\\\/\"},{\"@type\":\"ListItem\",\"position\":2,\"name\":\"Starte dein Projekt\",\"item\":\"https:\\\/\\\/www.dougu.de\\\/cms\\\/\"},{\"@type\":\"ListItem\",\"position\":3,\"name\":\"Service\u00fcbersicht\"}]},{\"@type\":\"WebSite\",\"@id\":\"https:\\\/\\\/www.dougu.de\\\/cms\\\/#website\",\"url\":\"https:\\\/\\\/www.dougu.de\\\/cms\\\/\",\"name\":\"DESIGN SCHMIEDE\",\"description\":\"art from the metawebdesign smith\",\"publisher\":{\"@id\":\"https:\\\/\\\/www.dougu.de\\\/cms\\\/#organization\"},\"alternateName\":\"Dougu Design Schmiede\",\"potentialAction\":[{\"@type\":\"SearchAction\",\"target\":{\"@type\":\"EntryPoint\",\"urlTemplate\":\"https:\\\/\\\/www.dougu.de\\\/cms\\\/?s={search_term_string}\"},\"query-input\":{\"@type\":\"PropertyValueSpecification\",\"valueRequired\":true,\"valueName\":\"search_term_string\"}}],\"inLanguage\":\"de\"},{\"@type\":\"Organization\",\"@id\":\"https:\\\/\\\/www.dougu.de\\\/cms\\\/#organization\",\"name\":\"DOUGU DESIGN SCHMIEDE\",\"url\":\"https:\\\/\\\/www.dougu.de\\\/cms\\\/\",\"logo\":{\"@type\":\"ImageObject\",\"inLanguage\":\"de\",\"@id\":\"https:\\\/\\\/www.dougu.de\\\/cms\\\/#\\\/schema\\\/logo\\\/image\\\/\",\"url\":\"https:\\\/\\\/www.dougu.de\\\/cms\\\/wp-content\\\/uploads\\\/2022\\\/02\\\/dds-1.png\",\"contentUrl\":\"https:\\\/\\\/www.dougu.de\\\/cms\\\/wp-content\\\/uploads\\\/2022\\\/02\\\/dds-1.png\",\"width\":512,\"height\":512,\"caption\":\"DOUGU DESIGN SCHMIEDE\"},\"image\":{\"@id\":\"https:\\\/\\\/www.dougu.de\\\/cms\\\/#\\\/schema\\\/logo\\\/image\\\/\"},\"sameAs\":[\"https:\\\/\\\/www.facebook.com\\\/DOUGUDESIGN\\\/\",\"https:\\\/\\\/x.com\\\/dougudesign\"]}]}<\/script>\n<!-- \/ Yoast SEO plugin. -->","yoast_head_json":{"title":"Service\u00fcbersicht - DESIGN SCHMIEDE","description":"Clevere Systeme f\u00fcr Webseiten Betreiber oder Einsteiger Hilfe und L\u00f6sungen bei Problemen sowie Verbesserungen oder Konzepte","robots":{"index":"index","follow":"follow","max-snippet":"max-snippet:-1","max-image-preview":"max-image-preview:large","max-video-preview":"max-video-preview:-1"},"canonical":"https:\/\/www.dougu.de\/cms\/about\/serviceuebersicht\/","schema":{"@context":"https:\/\/schema.org","@graph":[{"@type":"WebPage","@id":"https:\/\/www.dougu.de\/cms\/about\/serviceuebersicht\/","url":"https:\/\/www.dougu.de\/cms\/about\/serviceuebersicht\/","name":"Service\u00fcbersicht - DESIGN SCHMIEDE","isPartOf":{"@id":"https:\/\/www.dougu.de\/cms\/#website"},"datePublished":"2023-03-30T07:44:58+00:00","dateModified":"2023-03-30T08:16:07+00:00","description":"Clevere Systeme f\u00fcr Webseiten Betreiber oder Einsteiger Hilfe und L\u00f6sungen bei Problemen sowie Verbesserungen oder Konzepte","breadcrumb":{"@id":"https:\/\/www.dougu.de\/cms\/about\/serviceuebersicht\/#breadcrumb"},"inLanguage":"de","potentialAction":[{"@type":"ReadAction","target":["https:\/\/www.dougu.de\/cms\/about\/serviceuebersicht\/"]}]},{"@type":"BreadcrumbList","@id":"https:\/\/www.dougu.de\/cms\/about\/serviceuebersicht\/#breadcrumb","itemListElement":[{"@type":"ListItem","position":1,"name":"Startseite","item":"https:\/\/www.dougu.de\/cms\/"},{"@type":"ListItem","position":2,"name":"Starte dein Projekt","item":"https:\/\/www.dougu.de\/cms\/"},{"@type":"ListItem","position":3,"name":"Service\u00fcbersicht"}]},{"@type":"WebSite","@id":"https:\/\/www.dougu.de\/cms\/#website","url":"https:\/\/www.dougu.de\/cms\/","name":"DESIGN SCHMIEDE","description":"art from the metawebdesign smith","publisher":{"@id":"https:\/\/www.dougu.de\/cms\/#organization"},"alternateName":"Dougu Design Schmiede","potentialAction":[{"@type":"SearchAction","target":{"@type":"EntryPoint","urlTemplate":"https:\/\/www.dougu.de\/cms\/?s={search_term_string}"},"query-input":{"@type":"PropertyValueSpecification","valueRequired":true,"valueName":"search_term_string"}}],"inLanguage":"de"},{"@type":"Organization","@id":"https:\/\/www.dougu.de\/cms\/#organization","name":"DOUGU DESIGN SCHMIEDE","url":"https:\/\/www.dougu.de\/cms\/","logo":{"@type":"ImageObject","inLanguage":"de","@id":"https:\/\/www.dougu.de\/cms\/#\/schema\/logo\/image\/","url":"https:\/\/www.dougu.de\/cms\/wp-content\/uploads\/2022\/02\/dds-1.png","contentUrl":"https:\/\/www.dougu.de\/cms\/wp-content\/uploads\/2022\/02\/dds-1.png","width":512,"height":512,"caption":"DOUGU DESIGN SCHMIEDE"},"image":{"@id":"https:\/\/www.dougu.de\/cms\/#\/schema\/logo\/image\/"},"sameAs":["https:\/\/www.facebook.com\/DOUGUDESIGN\/","https:\/\/x.com\/dougudesign"]}]}},"_links":{"self":[{"href":"https:\/\/www.dougu.de\/cms\/wp-json\/wp\/v2\/pages\/6074","targetHints":{"allow":["GET"]}}],"collection":[{"href":"https:\/\/www.dougu.de\/cms\/wp-json\/wp\/v2\/pages"}],"about":[{"href":"https:\/\/www.dougu.de\/cms\/wp-json\/wp\/v2\/types\/page"}],"author":[{"embeddable":true,"href":"https:\/\/www.dougu.de\/cms\/wp-json\/wp\/v2\/users\/15"}],"replies":[{"embeddable":true,"href":"https:\/\/www.dougu.de\/cms\/wp-json\/wp\/v2\/comments?post=6074"}],"version-history":[{"count":0,"href":"https:\/\/www.dougu.de\/cms\/wp-json\/wp\/v2\/pages\/6074\/revisions"}],"up":[{"embeddable":true,"href":"https:\/\/www.dougu.de\/cms\/wp-json\/wp\/v2\/pages\/2"}],"wp:attachment":[{"href":"https:\/\/www.dougu.de\/cms\/wp-json\/wp\/v2\/media?parent=6074"}],"curies":[{"name":"wp","href":"https:\/\/api.w.org\/{rel}","templated":true}]}}